{"id":20,"date":"2017-12-31T21:59:31","date_gmt":"2017-12-31T18:59:31","guid":{"rendered":"http:\/\/tutkuavpazari.com\/?page_id=20"},"modified":"2022-01-19T12:50:10","modified_gmt":"2022-01-19T09:50:10","slug":"iletisim","status":"publish","type":"page","link":"http:\/\/tutkuavpazari.com\/index.php\/iletisim\/","title":{"rendered":"\u0130leti\u015fim"},"content":{"rendered":"<p>\u0130n\u00f6n\u00fc Mah. Rauf Denkta\u015f Caddesi 23\/B<br \/>\nKastamonu \/ Merkez<\/p>\n<p>0505 882 40 50\u00a0 \/ 0542 592 05 17<br \/>\n<div id=\"wpgmza_map\" class=\"wpgmza_map\" data-settings='{\"id\":\"1\",\"map_title\":\"TutkuAvPazar\\u0131\",\"map_width\":\"100\",\"map_height\":\"400\",\"map_start_lat\":\"41.394808\",\"map_start_lng\":\"33.805261\",\"map_start_location\":\"41.394808000000005,33.8052608311902\",\"map_start_zoom\":\"11\",\"default_marker\":\"0\",\"type\":\"1\",\"alignment\":\"2\",\"directions_enabled\":\"1\",\"styling_enabled\":\"0\",\"styling_json\":\"\",\"active\":\"0\",\"kml\":\"\",\"bicycle\":\"0\",\"traffic\":\"0\",\"dbox\":\"1\",\"dbox_width\":\"100\",\"listmarkers\":\"0\",\"listmarkers_advanced\":\"0\",\"filterbycat\":\"0\",\"ugm_enabled\":\"0\",\"ugm_category_enabled\":\"0\",\"fusion\":\"\",\"map_width_type\":\"\\\\%\",\"map_height_type\":\"px\",\"mass_marker_support\":\"1\",\"ugm_access\":\"0\",\"order_markers_by\":\"1\",\"order_markers_choice\":\"2\",\"show_user_location\":\"0\",\"default_to\":\"\",\"other_settings\":{\"store_locator_enabled\":2,\"store_locator_distance\":2,\"store_locator_default_radius\":\"10\",\"store_locator_not_found_message\":\"No results found in this location. Please try again.\",\"store_locator_bounce\":1,\"store_locator_query_string\":\"ZIP \\\/ Adres:\",\"store_locator_default_address\":\"\",\"wpgmza_store_locator_restrict\":\"\",\"map_max_zoom\":\"1\",\"transport_layer\":0,\"wpgmza_theme_data\":\"\",\"wpgmza_show_points_of_interest\":1}}' data-map-id='1' Data-maps-engine='' data-shortcode-attributes='{\"id\":\"1\"}' style=\"display:block; overflow:auto; width:100%; height:400px; float:left;\"><\/div><\/p>\n","protected":false},"excerpt":{"rendered":"<p>\u0130n\u00f6n\u00fc Mah. Rauf Denkta\u015f Caddesi 23\/B Kastamonu \/ Merkez 0505 882 40 50\u00a0 \/ 0542 592 05 17<\/p>\n","protected":false},"author":1,"featured_media":0,"parent":0,"menu_order":0,"comment_status":"closed","ping_status":"closed","template":"","meta":[],"yoast_head":"<!-- This site is optimized with the Yoast SEO plugin v20.3 - https:\/\/yoast.com\/wordpress\/plugins\/seo\/ -->\n<title>\u0130leti\u015fim - Tutku Av Pazar\u0131 ve Petshop<\/title>\n<meta name=\"robots\" content=\"index, follow, max-snippet:-1, max-image-preview:large, max-video-preview:-1\" \/>\n<link rel=\"canonical\" href=\"http:\/\/tutkuavpazari.com\/index.php\/iletisim\/\" \/>\n<meta property=\"og:locale\" content=\"tr_TR\" \/>\n<meta property=\"og:type\" content=\"article\" \/>\n<meta property=\"og:title\" content=\"\u0130leti\u015fim - Tutku Av Pazar\u0131 ve Petshop\" \/>\n<meta property=\"og:description\" content=\"\u0130n\u00f6n\u00fc Mah. Rauf Denkta\u015f Caddesi 23\/B Kastamonu \/ Merkez 0505 882 40 50\u00a0 \/ 0542 592 05 17\" \/>\n<meta property=\"og:url\" content=\"http:\/\/tutkuavpazari.com\/index.php\/iletisim\/\" \/>\n<meta property=\"og:site_name\" content=\"Tutku Av Pazar\u0131 ve Petshop\" \/>\n<meta property=\"article:modified_time\" content=\"2022-01-19T09:50:10+00:00\" \/>\n<meta name=\"twitter:card\" content=\"summary_large_image\" \/>\n<script type=\"application\/ld+json\" class=\"yoast-schema-graph\">{\"@context\":\"https:\/\/schema.org\",\"@graph\":[{\"@type\":\"WebPage\",\"@id\":\"http:\/\/tutkuavpazari.com\/index.php\/iletisim\/\",\"url\":\"http:\/\/tutkuavpazari.com\/index.php\/iletisim\/\",\"name\":\"\u0130leti\u015fim - Tutku Av Pazar\u0131 ve Petshop\",\"isPartOf\":{\"@id\":\"https:\/\/tutkuavpazari.com\/#website\"},\"datePublished\":\"2017-12-31T18:59:31+00:00\",\"dateModified\":\"2022-01-19T09:50:10+00:00\",\"breadcrumb\":{\"@id\":\"http:\/\/tutkuavpazari.com\/index.php\/iletisim\/#breadcrumb\"},\"inLanguage\":\"tr\",\"potentialAction\":[{\"@type\":\"ReadAction\",\"target\":[\"http:\/\/tutkuavpazari.com\/index.php\/iletisim\/\"]}]},{\"@type\":\"BreadcrumbList\",\"@id\":\"http:\/\/tutkuavpazari.com\/index.php\/iletisim\/#breadcrumb\",\"itemListElement\":[{\"@type\":\"ListItem\",\"position\":1,\"name\":\"Ana sayfa\",\"item\":\"https:\/\/tutkuavpazari.com\/\"},{\"@type\":\"ListItem\",\"position\":2,\"name\":\"\u0130leti\u015fim\"}]},{\"@type\":\"WebSite\",\"@id\":\"https:\/\/tutkuavpazari.com\/#website\",\"url\":\"https:\/\/tutkuavpazari.com\/\",\"name\":\"Tutku Av Pazar\u0131 ve Petshop\",\"description\":\"Av bir tutkudur...\",\"publisher\":{\"@id\":\"https:\/\/tutkuavpazari.com\/#\/schema\/person\/bf8b715ea29887a9ff138b12f68ad77c\"},\"alternateName\":\"Kastamonu Tutku Av Pazar\u0131 ve Petshop\",\"potentialAction\":[{\"@type\":\"SearchAction\",\"target\":{\"@type\":\"EntryPoint\",\"urlTemplate\":\"https:\/\/tutkuavpazari.com\/?s={search_term_string}\"},\"query-input\":\"required name=search_term_string\"}],\"inLanguage\":\"tr\"},{\"@type\":[\"Person\",\"Organization\"],\"@id\":\"https:\/\/tutkuavpazari.com\/#\/schema\/person\/bf8b715ea29887a9ff138b12f68ad77c\",\"name\":\"tutkuavadmin\",\"logo\":{\"@id\":\"https:\/\/tutkuavpazari.com\/#\/schema\/person\/image\/\"}}]}<\/script>\n<!-- \/ Yoast SEO plugin. -->","yoast_head_json":{"title":"\u0130leti\u015fim - Tutku Av Pazar\u0131 ve Petshop","robots":{"index":"index","follow":"follow","max-snippet":"max-snippet:-1","max-image-preview":"max-image-preview:large","max-video-preview":"max-video-preview:-1"},"canonical":"http:\/\/tutkuavpazari.com\/index.php\/iletisim\/","og_locale":"tr_TR","og_type":"article","og_title":"\u0130leti\u015fim - Tutku Av Pazar\u0131 ve Petshop","og_description":"\u0130n\u00f6n\u00fc Mah. Rauf Denkta\u015f Caddesi 23\/B Kastamonu \/ Merkez 0505 882 40 50\u00a0 \/ 0542 592 05 17","og_url":"http:\/\/tutkuavpazari.com\/index.php\/iletisim\/","og_site_name":"Tutku Av Pazar\u0131 ve Petshop","article_modified_time":"2022-01-19T09:50:10+00:00","twitter_card":"summary_large_image","schema":{"@context":"https:\/\/schema.org","@graph":[{"@type":"WebPage","@id":"http:\/\/tutkuavpazari.com\/index.php\/iletisim\/","url":"http:\/\/tutkuavpazari.com\/index.php\/iletisim\/","name":"\u0130leti\u015fim - Tutku Av Pazar\u0131 ve Petshop","isPartOf":{"@id":"https:\/\/tutkuavpazari.com\/#website"},"datePublished":"2017-12-31T18:59:31+00:00","dateModified":"2022-01-19T09:50:10+00:00","breadcrumb":{"@id":"http:\/\/tutkuavpazari.com\/index.php\/iletisim\/#breadcrumb"},"inLanguage":"tr","potentialAction":[{"@type":"ReadAction","target":["http:\/\/tutkuavpazari.com\/index.php\/iletisim\/"]}]},{"@type":"BreadcrumbList","@id":"http:\/\/tutkuavpazari.com\/index.php\/iletisim\/#breadcrumb","itemListElement":[{"@type":"ListItem","position":1,"name":"Ana sayfa","item":"https:\/\/tutkuavpazari.com\/"},{"@type":"ListItem","position":2,"name":"\u0130leti\u015fim"}]},{"@type":"WebSite","@id":"https:\/\/tutkuavpazari.com\/#website","url":"https:\/\/tutkuavpazari.com\/","name":"Tutku Av Pazar\u0131 ve Petshop","description":"Av bir tutkudur...","publisher":{"@id":"https:\/\/tutkuavpazari.com\/#\/schema\/person\/bf8b715ea29887a9ff138b12f68ad77c"},"alternateName":"Kastamonu Tutku Av Pazar\u0131 ve Petshop","potentialAction":[{"@type":"SearchAction","target":{"@type":"EntryPoint","urlTemplate":"https:\/\/tutkuavpazari.com\/?s={search_term_string}"},"query-input":"required name=search_term_string"}],"inLanguage":"tr"},{"@type":["Person","Organization"],"@id":"https:\/\/tutkuavpazari.com\/#\/schema\/person\/bf8b715ea29887a9ff138b12f68ad77c","name":"tutkuavadmin","logo":{"@id":"https:\/\/tutkuavpazari.com\/#\/schema\/person\/image\/"}}]}},"_links":{"self":[{"href":"http:\/\/tutkuavpazari.com\/index.php\/wp-json\/wp\/v2\/pages\/20"}],"collection":[{"href":"http:\/\/tutkuavpazari.com\/index.php\/wp-json\/wp\/v2\/pages"}],"about":[{"href":"http:\/\/tutkuavpazari.com\/index.php\/wp-json\/wp\/v2\/types\/page"}],"author":[{"embeddable":true,"href":"http:\/\/tutkuavpazari.com\/index.php\/wp-json\/wp\/v2\/users\/1"}],"replies":[{"embeddable":true,"href":"http:\/\/tutkuavpazari.com\/index.php\/wp-json\/wp\/v2\/comments?post=20"}],"version-history":[{"count":5,"href":"http:\/\/tutkuavpazari.com\/index.php\/wp-json\/wp\/v2\/pages\/20\/revisions"}],"predecessor-version":[{"id":200,"href":"http:\/\/tutkuavpazari.com\/index.php\/wp-json\/wp\/v2\/pages\/20\/revisions\/200"}],"wp:attachment":[{"href":"http:\/\/tutkuavpazari.com\/index.php\/wp-json\/wp\/v2\/media?parent=20"}],"curies":[{"name":"wp","href":"https:\/\/api.w.org\/{rel}","templated":true}]}}